{"id":528,"date":"2022-05-07T15:11:20","date_gmt":"2022-05-07T15:11:20","guid":{"rendered":"http:\/\/spielwiese.mifactori.de\/?page_id=528"},"modified":"2022-05-07T16:17:29","modified_gmt":"2022-05-07T16:17:29","slug":"home","status":"publish","type":"page","link":"http:\/\/spielwiese.mifactori.de\/?page_id=528","title":{"rendered":"Home"},"content":{"rendered":"<p>Hi. Cool. H\u00e4<\/p>\n\n\n<div class=\"wp-block-cover is-light has-parallax is-repeated\" style=\"background-image:url(http:\/\/spielwiese.mifactori.de\/wp-content\/uploads\/2019\/04\/Transformer-Fichtel-2-1024x681.jpg);min-height:100vh\"><span aria-hidden=\"true\" class=\"has-background-dim-0 wp-block-cover__gradient-background has-background-dim\"><\/span><div class=\"wp-block-cover__inner-container\">\n<p class=\"has-text-align-center\" style=\"font-size:44px\"><strong>Das ist der Text \u00fcber dem Bild. Yeay!<\/strong><\/p>\n<\/div><\/div>\n\n\n\n<p>#<\/p>\n\n\n\n<figure class=\"wp-block-pullquote\"><blockquote><p>das ist ja wohl die absolute<\/p><cite>h\u00f6he<\/cite><\/blockquote><\/figure>\n\n\n\n<h2 class=\"wp-block-heading\">Das ist jetzt mal richtig gro\u00df<\/h2>\n\n\n\n<div class=\"wp-block-cover alignfull is-light has-parallax\" style=\"background-image:url(http:\/\/spielwiese.mifactori.de\/wp-content\/uploads\/2019\/04\/Mrs-Flummi-2-1024x681.jpg);min-height:100vh\"><span aria-hidden=\"true\" class=\"has-background-dim-0 wp-block-cover__gradient-background has-background-dim\"><\/span><div class=\"wp-block-cover__inner-container\">\n<p class=\"has-x-large-font-size\">Hier kann ich Text <a href=\"http:\/\/spielwiese.mifactori.de\/#anker\">hinpacken<\/a><\/p>\n<\/div><\/div>\n\n\n\n<div class=\"wp-block-columns alignfull is-layout-flex wp-container-2\">\n<div class=\"wp-block-column is-layout-flow\" style=\"flex-basis:100%\">\n<div class=\"wp-block-cover alignfull\"><span aria-hidden=\"true\" class=\"has-primary-background-color has-background-dim-100 wp-block-cover__gradient-background has-background-dim\"><\/span><div class=\"wp-block-cover__inner-container\">\n<p class=\"has-text-align-center has-x-large-font-size\">Jetzt geht es aber hart ab hier<\/p>\n<\/div><\/div>\n<\/div>\n<\/div>\n\n\n\n<div class=\"wp-block-cover alignfull is-light has-parallax\" style=\"background-image:url(http:\/\/spielwiese.mifactori.de\/wp-content\/uploads\/2019\/04\/Bildschirmfoto-2019-02-07-um-21.54.44.png)\"><span aria-hidden=\"true\" class=\"has-background-dim-0 wp-block-cover__gradient-background has-background-dim\"><\/span><div class=\"wp-block-cover__inner-container\">\n<p class=\"has-text-align-center has-cyan-bluish-gray-color has-background-background-color has-text-color has-background has-link-color wp-elements-ca710b03171b3fb9e8bb8e0d6617b2e4\" style=\"font-size:66px;font-style:normal;font-weight:500\">Das ist jetzt mal ein <a href=\"https:\/\/mifactori.de\" data-type=\"URL\" data-id=\"https:\/\/mifactori.de\">langer Text<\/a><\/p>\n<\/div><\/div>\n\n\n\n<div class=\"wp-block-media-text alignfull is-stacked-on-mobile\"><figure class=\"wp-block-media-text__media\"><img decoding=\"async\" loading=\"lazy\" width=\"726\" height=\"483\" src=\"http:\/\/spielwiese.mifactori.de\/wp-content\/uploads\/2019\/04\/output_lD59j0.gif\" alt=\"\" class=\"wp-image-55 size-full\"\/><\/figure><div class=\"wp-block-media-text__content\">\n<p class=\"has-large-font-size\">hier kann ich dann den Tradamtaram beschreiben. <\/p>\n<\/div><\/div>\n\n\n\n<div class=\"wp-block-buttons alignwide is-content-justification-center is-layout-flex wp-container-3\">\n<div class=\"wp-block-button\"><a class=\"wp-block-button__link\" href=\"https:\/\/mifactori.de\" target=\"_blank\" rel=\"noreferrer noopener\">Jetzt Kurs Buchen<\/a><\/div>\n<\/div>\n\n\n\n<div class=\"wp-block-columns alignwide is-layout-flex wp-container-7\">\n<div class=\"wp-block-column is-layout-flow\">\n<figure class=\"wp-block-image size-large is-style-rounded\"><img decoding=\"async\" loading=\"lazy\" width=\"1024\" height=\"681\" src=\"http:\/\/spielwiese.mifactori.de\/wp-content\/uploads\/2019\/04\/Transformer-Fichtel-2-1024x681.jpg\" alt=\"\" class=\"wp-image-14\" srcset=\"http:\/\/spielwiese.mifactori.de\/wp-content\/uploads\/2019\/04\/Transformer-Fichtel-2-1024x681.jpg 1024w, http:\/\/spielwiese.mifactori.de\/wp-content\/uploads\/2019\/04\/Transformer-Fichtel-2-300x200.jpg 300w, http:\/\/spielwiese.mifactori.de\/wp-content\/uploads\/2019\/04\/Transformer-Fichtel-2-768x511.jpg 768w, http:\/\/spielwiese.mifactori.de\/wp-content\/uploads\/2019\/04\/Transformer-Fichtel-2.jpg 1100w\" sizes=\"(max-width: 1024px) 100vw, 1024px\" \/><\/figure>\n<\/div>\n\n\n\n<div class=\"wp-block-column is-layout-flow\">\n<p class=\"has-x-large-font-size\" id=\"anker\">Hier kann ich ja dann sehr sehr lang beschreiben, was so alles los ist. Da k\u00f6nnt ihr dann lesen, wenn ihr das m\u00f6chtet. <\/p>\n<\/div>\n\n\n\n<div class=\"wp-block-column is-layout-flow\">\n<div class=\"wp-block-cover is-light has-parallax\" style=\"background-image:url(http:\/\/spielwiese.mifactori.de\/wp-content\/uploads\/2019\/04\/Bildschirmfoto-2019-02-07-um-21.54.44.png)\"><span aria-hidden=\"true\" class=\"has-background-dim-0 wp-block-cover__gradient-background has-background-dim\"><\/span><div class=\"wp-block-cover__inner-container\">\n<p class=\"has-text-align-center has-large-font-size\"><\/p>\n<\/div><\/div>\n<\/div>\n<\/div>\n","protected":false},"excerpt":{"rendered":"<p>Hi. Cool. H\u00e4 # das ist ja wohl die absolute h\u00f6he Das ist jetzt mal richtig gro\u00df hier kann ich dann den Tradamtaram beschreiben. Hier kann ich ja dann sehr sehr lang beschreiben, was so alles los ist. Da k\u00f6nnt ihr dann lesen, wenn ihr das m\u00f6chtet.<\/p>\n","protected":false},"author":1,"featured_media":0,"parent":0,"menu_order":0,"comment_status":"closed","ping_status":"closed","template":"page-large-header","meta":[],"_links":{"self":[{"href":"http:\/\/spielwiese.mifactori.de\/index.php?rest_route=\/wp\/v2\/pages\/528"}],"collection":[{"href":"http:\/\/spielwiese.mifactori.de\/index.php?rest_route=\/wp\/v2\/pages"}],"about":[{"href":"http:\/\/spielwiese.mifactori.de\/index.php?rest_route=\/wp\/v2\/types\/page"}],"author":[{"embeddable":true,"href":"http:\/\/spielwiese.mifactori.de\/index.php?rest_route=\/wp\/v2\/users\/1"}],"replies":[{"embeddable":true,"href":"http:\/\/spielwiese.mifactori.de\/index.php?rest_route=%2Fwp%2Fv2%2Fcomments&post=528"}],"version-history":[{"count":45,"href":"http:\/\/spielwiese.mifactori.de\/index.php?rest_route=\/wp\/v2\/pages\/528\/revisions"}],"predecessor-version":[{"id":587,"href":"http:\/\/spielwiese.mifactori.de\/index.php?rest_route=\/wp\/v2\/pages\/528\/revisions\/587"}],"wp:attachment":[{"href":"http:\/\/spielwiese.mifactori.de\/index.php?rest_route=%2Fwp%2Fv2%2Fmedia&parent=528"}],"curies":[{"name":"wp","href":"https:\/\/api.w.org\/{rel}","templated":true}]}}